{"id":33,"date":"2022-06-25T01:11:49","date_gmt":"2022-06-24T23:11:49","guid":{"rendered":"https:\/\/agon-gdr.it\/?page_id=33"},"modified":"2022-06-25T01:11:49","modified_gmt":"2022-06-24T23:11:49","slug":"gli-eroi-della-leggenda-2","status":"publish","type":"page","link":"https:\/\/agon-gdr.it\/","title":{"rendered":"GLI EROI DELLA LEGGENDA"},"content":{"rendered":"\n<p>Dalle foschie di tempi lontani, un poeta canta le gesta di grandi eroi: mostri sconfitti, giustizia ristabilita, saggi consigli e insidiosi piani. Storie di coraggio, di valore, di sfrontata audacia, di eroi incuranti dell\u2019invidia degli d\u00e9i. In Agon, darete vita a questi eroi, trasformando le loro epiche gesta in leggende immortali.<br>Di ritorno dalla guerra, un gruppo di eroi smarrisce la via tra misteriose isole abitate da creature mitologiche, pericolosi nemici e gente disperata. Regni leggendari, tutti colmi di insidie e alla merc\u00e9 degli d\u00e8i capricciosi.<br>Star\u00e0 a voi, i pi\u00f9 grandi eroi della vostra epoca, cogliere una tale occasione di grandezza e ristabilire l\u2019ordine in queste terre perdute, superando le sfide di dei, mostri, e mortali, per ritrovare la strada di casa e consegnare alla leggenda il vostro nome.<\/p>\n\n\n\n<h1 class=\"wp-block-heading\"><strong>Le sfide per la gloria vi aspettano!<\/strong><\/h1>\n\n\n\n<figure class=\"wp-block-image size-large\"><a href=\"https:\/\/agon-gdr.it\/wp-content\/uploads\/2022\/06\/Screenshot-2022-06-25-011104.png\"><img loading=\"lazy\" decoding=\"async\" width=\"674\" height=\"1024\" src=\"https:\/\/agon-gdr.it\/wp-content\/uploads\/2022\/06\/Screenshot-2022-06-25-011104-674x1024.png\" alt=\"\" class=\"wp-image-34\" srcset=\"https:\/\/agon-gdr.it\/wp-content\/uploads\/2022\/06\/Screenshot-2022-06-25-011104-674x1024.png 674w, https:\/\/agon-gdr.it\/wp-content\/uploads\/2022\/06\/Screenshot-2022-06-25-011104-198x300.png 198w, https:\/\/agon-gdr.it\/wp-content\/uploads\/2022\/06\/Screenshot-2022-06-25-011104-768x1167.png 768w, https:\/\/agon-gdr.it\/wp-content\/uploads\/2022\/06\/Screenshot-2022-06-25-011104.png 1006w\" sizes=\"auto, (max-width: 674px) 100vw, 674px\" \/><\/a><\/figure>\n","protected":false},"excerpt":{"rendered":"<p>Dalle foschie di tempi lontani, un poeta canta le gesta di grandi eroi: mostri sconfitti, giustizia ristabilita, saggi consigli e insidiosi piani. Storie di coraggio, di valore, di sfrontata audacia, di eroi incuranti dell\u2019invidia degli d\u00e9i. In Agon, darete vita a questi eroi, trasformando le loro epiche gesta in leggende immortali.Di ritorno dalla guerra, un [&hellip;]<\/p>\n","protected":false},"author":1,"featured_media":0,"parent":0,"menu_order":0,"comment_status":"closed","ping_status":"closed","template":"","meta":{"footnotes":""},"class_list":["post-33","page","type-page","status-publish","hentry","entry"],"_links":{"self":[{"href":"https:\/\/agon-gdr.it\/index.php?rest_route=\/wp\/v2\/pages\/33","targetHints":{"allow":["GET"]}}],"collection":[{"href":"https:\/\/agon-gdr.it\/index.php?rest_route=\/wp\/v2\/pages"}],"about":[{"href":"https:\/\/agon-gdr.it\/index.php?rest_route=\/wp\/v2\/types\/page"}],"author":[{"embeddable":true,"href":"https:\/\/agon-gdr.it\/index.php?rest_route=\/wp\/v2\/users\/1"}],"replies":[{"embeddable":true,"href":"https:\/\/agon-gdr.it\/index.php?rest_route=%2Fwp%2Fv2%2Fcomments&post=33"}],"version-history":[{"count":1,"href":"https:\/\/agon-gdr.it\/index.php?rest_route=\/wp\/v2\/pages\/33\/revisions"}],"predecessor-version":[{"id":35,"href":"https:\/\/agon-gdr.it\/index.php?rest_route=\/wp\/v2\/pages\/33\/revisions\/35"}],"wp:attachment":[{"href":"https:\/\/agon-gdr.it\/index.php?rest_route=%2Fwp%2Fv2%2Fmedia&parent=33"}],"curies":[{"name":"wp","href":"https:\/\/api.w.org\/{rel}","templated":true}]}}